{"id":1705,"date":"2024-09-26T21:30:29","date_gmt":"2024-09-26T21:30:29","guid":{"rendered":"https:\/\/valemedic.com\/?post_type=product&#038;p=1705"},"modified":"2026-01-29T15:25:48","modified_gmt":"2026-01-29T15:25:48","slug":"gorro-de-enfermera","status":"publish","type":"product","link":"https:\/\/valemedic.com\/es_ve\/producto\/gorro-de-enfermera\/?currency=USD","title":{"rendered":"Gorro de enfermera"},"content":{"rendered":"","protected":false},"excerpt":{"rendered":"<hr \/>\n<p>&nbsp;<\/p>\n<ul>\n<li>Doble banda el\u00e1stica.<\/li>\n<li>No est\u00e9ril, No t\u00f3xico.<\/li>\n<li>Transpirable y resistente.<\/li>\n<li>Dise\u00f1o compacto y c\u00f3modo.<\/li>\n<li>Banda de goma de alta calidad, el\u00e1stico y ajustable.<\/li>\n<\/ul>\n<hr \/>\n<p>&nbsp;<\/p>\n<h4>Presentaci\u00f3n: 100 (Unds. Paquete)<br \/>\nProducto con IVA incluido<\/h4>\n<hr \/>\n<p>&nbsp;<\/p>\n","protected":false},"featured_media":2341,"comment_status":"open","ping_status":"closed","template":"","meta":[],"product_brand":[],"product_cat":[143,117],"product_tag":[245,244],"class_list":{"0":"post-1705","1":"product","2":"type-product","3":"status-publish","4":"has-post-thumbnail","6":"product_cat-gorro-enfermera","7":"product_cat-lenceria-medica","8":"product_tag-enfermera","9":"product_tag-gorro","11":"first","12":"instock","13":"taxable","14":"shipping-taxable","15":"purchasable","16":"product-type-simple"},"yoast_head":"<!-- This site is optimized with the Yoast SEO Premium plugin v23.4 (Yoast SEO v27.0) - https:\/\/yoast.com\/product\/yoast-seo-premium-wordpress\/ -->\n<title>Gorro de enfermera - Valemedic<\/title>\n<meta name=\"robots\" content=\"index, follow, max-snippet:-1, max-image-preview:large, max-video-preview:-1\" \/>\n<link rel=\"canonical\" href=\"http:\/\/valemedic.com\/es_ve\/producto\/gorro-de-enfermera\/?currency=USD'123\/\" \/>\n<meta property=\"og:locale\" content=\"es_ES\" \/>\n<meta property=\"og:type\" content=\"article\" \/>\n<meta property=\"og:title\" content=\"Gorro de enfermera\" \/>\n<meta property=\"og:description\" content=\"&nbsp;   Doble banda el\u00e1stica.  No est\u00e9ril, No t\u00f3xico.  Transpirable y resistente.  Dise\u00f1o compacto y c\u00f3modo.  Banda de goma de alta calidad, el\u00e1stico y ajustable.     &nbsp; Presentaci\u00f3n: 100 (Unds. Paquete) Producto con IVA incluido    &nbsp;\" \/>\n<meta property=\"og:url\" content=\"http:\/\/valemedic.com\/es_ve\/producto\/gorro-de-enfermera\/?currency=USD\\\\\\\\&#039;123\/\" \/>\n<meta property=\"og:site_name\" content=\"Valemedic\" \/>\n<meta property=\"article:modified_time\" content=\"2026-01-29T15:25:48+00:00\" \/>\n<meta property=\"og:image\" content=\"http:\/\/valemedic.com\/wp-content\/uploads\/2024\/09\/1-3.png\" \/>\n\t<meta property=\"og:image:width\" content=\"600\" \/>\n\t<meta property=\"og:image:height\" content=\"700\" \/>\n\t<meta property=\"og:image:type\" content=\"image\/png\" \/>\n<meta name=\"twitter:card\" content=\"summary_large_image\" \/>\n<meta name=\"twitter:label1\" content=\"Tiempo de lectura\" \/>\n\t<meta name=\"twitter:data1\" content=\"1 minuto\" \/>\n<script type=\"application\/ld+json\" class=\"yoast-schema-graph\">{\"@context\":\"https:\/\/schema.org\",\"@graph\":[{\"@type\":\"WebPage\",\"@id\":\"http:\/\/valemedic.com\/es_ve\/producto\/gorro-de-enfermera\/?currency=USD\\\\\\\\\\\\\\\\'123\/\",\"url\":\"http:\/\/valemedic.com\/es_ve\/producto\/gorro-de-enfermera\/?currency=USD\\\\\\\\\\\\\\\\'123\/\",\"name\":\"Gorro de enfermera - Valemedic\",\"isPartOf\":{\"@id\":\"http:\/\/valemedic.com\/es_ve\/?currency=USD\/123\/feed\/#website\"},\"primaryImageOfPage\":{\"@id\":\"http:\/\/valemedic.com\/es_ve\/producto\/gorro-de-enfermera\/?currency=USD\\\\\\\\\\\\\\\\'123\/#primaryimage\"},\"image\":{\"@id\":\"http:\/\/valemedic.com\/es_ve\/producto\/gorro-de-enfermera\/?currency=USD\\\\\\\\\\\\\\\\'123\/#primaryimage\"},\"thumbnailUrl\":\"https:\/\/valemedic.com\/wp-content\/uploads\/2024\/09\/1-3.png\",\"datePublished\":\"2024-09-26T21:30:29+00:00\",\"dateModified\":\"2026-01-29T15:25:48+00:00\",\"breadcrumb\":{\"@id\":\"http:\/\/valemedic.com\/es_ve\/producto\/gorro-de-enfermera\/?currency=USD\\\\\\\\\\\\\\\\'123\/#breadcrumb\"},\"inLanguage\":\"es\",\"potentialAction\":[{\"@type\":\"ReadAction\",\"target\":[\"http:\/\/valemedic.com\/es_ve\/producto\/gorro-de-enfermera\/?currency=USD\\\\\\\\\\\\\\\\'123\/\"]}]},{\"@type\":\"ImageObject\",\"inLanguage\":\"es\",\"@id\":\"http:\/\/valemedic.com\/es_ve\/producto\/gorro-de-enfermera\/?currency=USD\\\\\\\\\\\\\\\\'123\/#primaryimage\",\"url\":\"https:\/\/valemedic.com\/wp-content\/uploads\/2024\/09\/1-3.png\",\"contentUrl\":\"https:\/\/valemedic.com\/wp-content\/uploads\/2024\/09\/1-3.png\",\"width\":600,\"height\":700},{\"@type\":\"BreadcrumbList\",\"@id\":\"http:\/\/valemedic.com\/es_ve\/producto\/gorro-de-enfermera\/?currency=USD\\\\\\\\\\\\\\\\'123\/#breadcrumb\",\"itemListElement\":[{\"@type\":\"ListItem\",\"position\":1,\"name\":\"Portada\",\"item\":\"https:\/\/valemedic.com\/es_ve\/\"},{\"@type\":\"ListItem\",\"position\":2,\"name\":\"Tienda\",\"item\":\"http:\/\/valemedic.com\/en_us\/tienda\/?currency=US\/feed\/feed\/feed\/feed\/feed\/feed\/feed\/feed\/feed\/feed\/feed\/feed\/feed\/feed\/feed\/feed\/feed\/feed\/feed\/feed\/feed\/feed\/feed\/feed\/feed\/feed\/feed\/feed\/feed\/feed\/feed\/feed\/feed\/feed\/feed\/feed\/feed\/feed\/feed\/feed\/feed\/feed\/feed\/feed\/feed\/feed\/feed\/feed\/feed\/feed\/feed\/feed\/feed\/feed\/feed\/feed\/feed\/\"},{\"@type\":\"ListItem\",\"position\":3,\"name\":\"Gorro de enfermera\"}]},{\"@type\":\"WebSite\",\"@id\":\"http:\/\/valemedic.com\/es_ve\/?currency=USD\/123\/feed\/#website\",\"url\":\"http:\/\/valemedic.com\/es_ve\/?currency=USD\/123\/feed\/\",\"name\":\"valemedic.com\",\"description\":\"Solutions that give life\",\"publisher\":{\"@id\":\"http:\/\/valemedic.com\/es_ve\/?currency=USD\/123\/feed\/#organization\"},\"potentialAction\":[{\"@type\":\"SearchAction\",\"target\":{\"@type\":\"EntryPoint\",\"urlTemplate\":\"http:\/\/valemedic.com\/es_ve\/?currency=USD\/123\/feed\/?s={search_term_string}\"},\"query-input\":{\"@type\":\"PropertyValueSpecification\",\"valueRequired\":true,\"valueName\":\"search_term_string\"}}],\"inLanguage\":\"es\"},{\"@type\":\"Organization\",\"@id\":\"http:\/\/valemedic.com\/es_ve\/?currency=USD\/123\/feed\/#organization\",\"name\":\"Valemedic C.A.\",\"url\":\"http:\/\/valemedic.com\/es_ve\/?currency=USD\/123\/feed\/\",\"logo\":{\"@type\":\"ImageObject\",\"inLanguage\":\"es\",\"@id\":\"http:\/\/valemedic.com\/es_ve\/?currency=USD\/123\/feed\/#\/schema\/logo\/image\/\",\"url\":\"https:\/\/valemedic.com\/wp-content\/uploads\/2023\/04\/LOGO-VALEMEDIC-COLOR-2-TONOSLOGO-1.png\",\"contentUrl\":\"https:\/\/valemedic.com\/wp-content\/uploads\/2023\/04\/LOGO-VALEMEDIC-COLOR-2-TONOSLOGO-1.png\",\"width\":2848,\"height\":1158,\"caption\":\"Valemedic C.A.\"},\"image\":{\"@id\":\"http:\/\/valemedic.com\/es_ve\/?currency=USD\/123\/feed\/#\/schema\/logo\/image\/\"}}]}<\/script>\n<!-- \/ Yoast SEO Premium plugin. -->","yoast_head_json":{"title":"Gorro de enfermera - Valemedic","robots":{"index":"index","follow":"follow","max-snippet":"max-snippet:-1","max-image-preview":"max-image-preview:large","max-video-preview":"max-video-preview:-1"},"canonical":"http:\/\/valemedic.com\/es_ve\/producto\/gorro-de-enfermera\/?currency=USD\\\\\\\\'123\/","og_locale":"es_ES","og_type":"article","og_title":"Gorro de enfermera","og_description":"&nbsp;   Doble banda el\u00e1stica.  No est\u00e9ril, No t\u00f3xico.  Transpirable y resistente.  Dise\u00f1o compacto y c\u00f3modo.  Banda de goma de alta calidad, el\u00e1stico y ajustable.     &nbsp; Presentaci\u00f3n: 100 (Unds. Paquete) Producto con IVA incluido    &nbsp;","og_url":"http:\/\/valemedic.com\/es_ve\/producto\/gorro-de-enfermera\/?currency=USD\\\\\\\\'123\/","og_site_name":"Valemedic","article_modified_time":"2026-01-29T15:25:48+00:00","og_image":[{"width":600,"height":700,"url":"http:\/\/valemedic.com\/wp-content\/uploads\/2024\/09\/1-3.png","type":"image\/png"}],"twitter_card":"summary_large_image","twitter_misc":{"Tiempo de lectura":"1 minuto"},"schema":{"@context":"https:\/\/schema.org","@graph":[{"@type":"WebPage","@id":"http:\/\/valemedic.com\/es_ve\/producto\/gorro-de-enfermera\/?currency=USD\\\\\\\\'123\/","url":"http:\/\/valemedic.com\/es_ve\/producto\/gorro-de-enfermera\/?currency=USD\\\\\\\\'123\/","name":"Gorro de enfermera - Valemedic","isPartOf":{"@id":"http:\/\/valemedic.com\/es_ve\/?currency=USD\/123\/feed\/#website"},"primaryImageOfPage":{"@id":"http:\/\/valemedic.com\/es_ve\/producto\/gorro-de-enfermera\/?currency=USD\\\\\\\\'123\/#primaryimage"},"image":{"@id":"http:\/\/valemedic.com\/es_ve\/producto\/gorro-de-enfermera\/?currency=USD\\\\\\\\'123\/#primaryimage"},"thumbnailUrl":"https:\/\/valemedic.com\/wp-content\/uploads\/2024\/09\/1-3.png","datePublished":"2024-09-26T21:30:29+00:00","dateModified":"2026-01-29T15:25:48+00:00","breadcrumb":{"@id":"http:\/\/valemedic.com\/es_ve\/producto\/gorro-de-enfermera\/?currency=USD\\\\\\\\'123\/#breadcrumb"},"inLanguage":"es","potentialAction":[{"@type":"ReadAction","target":["http:\/\/valemedic.com\/es_ve\/producto\/gorro-de-enfermera\/?currency=USD\\\\\\\\'123\/"]}]},{"@type":"ImageObject","inLanguage":"es","@id":"http:\/\/valemedic.com\/es_ve\/producto\/gorro-de-enfermera\/?currency=USD\\\\\\\\'123\/#primaryimage","url":"https:\/\/valemedic.com\/wp-content\/uploads\/2024\/09\/1-3.png","contentUrl":"https:\/\/valemedic.com\/wp-content\/uploads\/2024\/09\/1-3.png","width":600,"height":700},{"@type":"BreadcrumbList","@id":"http:\/\/valemedic.com\/es_ve\/producto\/gorro-de-enfermera\/?currency=USD\\\\\\\\'123\/#breadcrumb","itemListElement":[{"@type":"ListItem","position":1,"name":"Portada","item":"https:\/\/valemedic.com\/es_ve\/"},{"@type":"ListItem","position":2,"name":"Tienda","item":"http:\/\/valemedic.com\/en_us\/tienda\/?currency=US\/feed\/feed\/feed\/feed\/feed\/feed\/feed\/feed\/feed\/feed\/feed\/feed\/feed\/feed\/feed\/feed\/feed\/feed\/feed\/feed\/feed\/feed\/feed\/feed\/feed\/feed\/feed\/feed\/feed\/feed\/feed\/feed\/feed\/feed\/feed\/feed\/feed\/feed\/feed\/feed\/feed\/feed\/feed\/feed\/feed\/feed\/feed\/feed\/feed\/feed\/feed\/feed\/feed\/feed\/feed\/feed\/feed\/"},{"@type":"ListItem","position":3,"name":"Gorro de enfermera"}]},{"@type":"WebSite","@id":"http:\/\/valemedic.com\/es_ve\/?currency=USD\/123\/feed\/#website","url":"http:\/\/valemedic.com\/es_ve\/?currency=USD\/123\/feed\/","name":"valemedic.com","description":"Solutions that give life","publisher":{"@id":"http:\/\/valemedic.com\/es_ve\/?currency=USD\/123\/feed\/#organization"},"potentialAction":[{"@type":"SearchAction","target":{"@type":"EntryPoint","urlTemplate":"http:\/\/valemedic.com\/es_ve\/?currency=USD\/123\/feed\/?s={search_term_string}"},"query-input":{"@type":"PropertyValueSpecification","valueRequired":true,"valueName":"search_term_string"}}],"inLanguage":"es"},{"@type":"Organization","@id":"http:\/\/valemedic.com\/es_ve\/?currency=USD\/123\/feed\/#organization","name":"Valemedic C.A.","url":"http:\/\/valemedic.com\/es_ve\/?currency=USD\/123\/feed\/","logo":{"@type":"ImageObject","inLanguage":"es","@id":"http:\/\/valemedic.com\/es_ve\/?currency=USD\/123\/feed\/#\/schema\/logo\/image\/","url":"https:\/\/valemedic.com\/wp-content\/uploads\/2023\/04\/LOGO-VALEMEDIC-COLOR-2-TONOSLOGO-1.png","contentUrl":"https:\/\/valemedic.com\/wp-content\/uploads\/2023\/04\/LOGO-VALEMEDIC-COLOR-2-TONOSLOGO-1.png","width":2848,"height":1158,"caption":"Valemedic C.A."},"image":{"@id":"http:\/\/valemedic.com\/es_ve\/?currency=USD\/123\/feed\/#\/schema\/logo\/image\/"}}]}},"_links":{"self":[{"href":"https:\/\/valemedic.com\/es_ve\/wp-json\/wp\/v2\/product\/1705","targetHints":{"allow":["GET"]}}],"collection":[{"href":"https:\/\/valemedic.com\/es_ve\/wp-json\/wp\/v2\/product"}],"about":[{"href":"https:\/\/valemedic.com\/es_ve\/wp-json\/wp\/v2\/types\/product"}],"replies":[{"embeddable":true,"href":"https:\/\/valemedic.com\/es_ve\/wp-json\/wp\/v2\/comments?post=1705"}],"version-history":[{"count":4,"href":"https:\/\/valemedic.com\/es_ve\/wp-json\/wp\/v2\/product\/1705\/revisions"}],"predecessor-version":[{"id":2840,"href":"https:\/\/valemedic.com\/es_ve\/wp-json\/wp\/v2\/product\/1705\/revisions\/2840"}],"wp:featuredmedia":[{"embeddable":true,"href":"https:\/\/valemedic.com\/es_ve\/wp-json\/wp\/v2\/media\/2341"}],"wp:attachment":[{"href":"https:\/\/valemedic.com\/es_ve\/wp-json\/wp\/v2\/media?parent=1705"}],"wp:term":[{"taxonomy":"product_brand","embeddable":true,"href":"https:\/\/valemedic.com\/es_ve\/wp-json\/wp\/v2\/product_brand?post=1705"},{"taxonomy":"product_cat","embeddable":true,"href":"https:\/\/valemedic.com\/es_ve\/wp-json\/wp\/v2\/product_cat?post=1705"},{"taxonomy":"product_tag","embeddable":true,"href":"https:\/\/valemedic.com\/es_ve\/wp-json\/wp\/v2\/product_tag?post=1705"}],"curies":[{"name":"wp","href":"https:\/\/api.w.org\/{rel}","templated":true}]}}