{"id":1672,"date":"2024-09-26T20:49:12","date_gmt":"2024-09-26T20:49:12","guid":{"rendered":"https:\/\/valemedic.com\/?post_type=product&#038;p=1672"},"modified":"2024-11-13T20:00:51","modified_gmt":"2024-11-13T20:00:51","slug":"especulo-vaginal","status":"publish","type":"product","link":"https:\/\/valemedic.com\/es_ve\/producto\/especulo-vaginal\/?currency=USD","title":{"rendered":"Especulo Vaginal"},"content":{"rendered":"","protected":false},"excerpt":{"rendered":"<hr \/>\n<p>&nbsp;<\/p>\n<ul>\n<li>Sistema de bloqueo de llave central.<\/li>\n<li>Transparente para mayor visi\u00f3n de diagn\u00f3stico del cuello uterino.<\/li>\n<li>Pl\u00e1stico de grado m\u00e9dico.<\/li>\n<li>Resistente, Est\u00e9ril, Libre de l\u00e1tex, no t\u00f3xico.<\/li>\n<\/ul>\n<h4>Producto exento de IVA<\/h4>\n<hr \/>\n<p>&nbsp;<\/p>\n","protected":false},"featured_media":2327,"comment_status":"open","ping_status":"closed","template":"","meta":[],"product_brand":[],"product_cat":[114],"product_tag":[227,228],"class_list":{"0":"post-1672","1":"product","2":"type-product","3":"status-publish","4":"has-post-thumbnail","6":"product_cat-ginecologia-obstetricia","7":"product_tag-especulo","8":"product_tag-vaginal","10":"first","11":"outofstock","12":"taxable","13":"shipping-taxable","14":"product-type-variable"},"yoast_head":"<!-- This site is optimized with the Yoast SEO Premium plugin v23.4 (Yoast SEO v27.0) - https:\/\/yoast.com\/product\/yoast-seo-premium-wordpress\/ -->\n<title>Especulo Vaginal - Valemedic<\/title>\n<meta name=\"robots\" content=\"index, follow, max-snippet:-1, max-image-preview:large, max-video-preview:-1\" \/>\n<link rel=\"canonical\" href=\"http:\/\/valemedic.com\/es_ve\/product\/especulo-vaginal\/?currency=USD\" \/>\n<meta property=\"og:locale\" content=\"es_ES\" \/>\n<meta property=\"og:type\" content=\"article\" \/>\n<meta property=\"og:title\" content=\"Especulo Vaginal\" \/>\n<meta property=\"og:description\" content=\"&nbsp;   Sistema de bloqueo de llave central.  Transparente para mayor visi\u00f3n de diagn\u00f3stico del cuello uterino.  Pl\u00e1stico de grado m\u00e9dico.  Resistente, Est\u00e9ril, Libre de l\u00e1tex, no t\u00f3xico.  Producto exento de IVA    &nbsp;\" \/>\n<meta property=\"og:url\" content=\"http:\/\/valemedic.com\/es_ve\/product\/especulo-vaginal\/?currency=USD\" \/>\n<meta property=\"og:site_name\" content=\"Valemedic\" \/>\n<meta property=\"article:modified_time\" content=\"2024-11-13T20:00:51+00:00\" \/>\n<meta property=\"og:image\" content=\"http:\/\/valemedic.com\/wp-content\/uploads\/2024\/09\/2-1.png\" \/>\n\t<meta property=\"og:image:width\" content=\"600\" \/>\n\t<meta property=\"og:image:height\" content=\"700\" \/>\n\t<meta property=\"og:image:type\" content=\"image\/png\" \/>\n<meta name=\"twitter:card\" content=\"summary_large_image\" \/>\n<meta name=\"twitter:label1\" content=\"Tiempo de lectura\" \/>\n\t<meta name=\"twitter:data1\" content=\"1 minuto\" \/>\n<script type=\"application\/ld+json\" class=\"yoast-schema-graph\">{\"@context\":\"https:\/\/schema.org\",\"@graph\":[{\"@type\":\"WebPage\",\"@id\":\"http:\/\/valemedic.com\/en_us\/product\/especulo-vaginal\/?currency=USD\",\"url\":\"http:\/\/valemedic.com\/en_us\/product\/especulo-vaginal\/?currency=USD\",\"name\":\"Especulo Vaginal - Valemedic\",\"isPartOf\":{\"@id\":\"http:\/\/valemedic.com\/es_ve\/?currency=USD\/123\/feed\/#website\"},\"primaryImageOfPage\":{\"@id\":\"http:\/\/valemedic.com\/en_us\/product\/especulo-vaginal\/?currency=USD#primaryimage\"},\"image\":{\"@id\":\"http:\/\/valemedic.com\/en_us\/product\/especulo-vaginal\/?currency=USD#primaryimage\"},\"thumbnailUrl\":\"https:\/\/valemedic.com\/wp-content\/uploads\/2024\/09\/2-1.png\",\"datePublished\":\"2024-09-26T20:49:12+00:00\",\"dateModified\":\"2024-11-13T20:00:51+00:00\",\"breadcrumb\":{\"@id\":\"http:\/\/valemedic.com\/en_us\/product\/especulo-vaginal\/?currency=USD#breadcrumb\"},\"inLanguage\":\"es\",\"potentialAction\":[{\"@type\":\"ReadAction\",\"target\":[\"http:\/\/valemedic.com\/en_us\/product\/especulo-vaginal\/?currency=USD\"]}]},{\"@type\":\"ImageObject\",\"inLanguage\":\"es\",\"@id\":\"http:\/\/valemedic.com\/en_us\/product\/especulo-vaginal\/?currency=USD#primaryimage\",\"url\":\"https:\/\/valemedic.com\/wp-content\/uploads\/2024\/09\/2-1.png\",\"contentUrl\":\"https:\/\/valemedic.com\/wp-content\/uploads\/2024\/09\/2-1.png\",\"width\":600,\"height\":700},{\"@type\":\"BreadcrumbList\",\"@id\":\"http:\/\/valemedic.com\/en_us\/product\/especulo-vaginal\/?currency=USD#breadcrumb\",\"itemListElement\":[{\"@type\":\"ListItem\",\"position\":1,\"name\":\"Portada\",\"item\":\"https:\/\/valemedic.com\/es_ve\/\"},{\"@type\":\"ListItem\",\"position\":2,\"name\":\"Tienda\",\"item\":\"http:\/\/valemedic.com\/en_us\/tienda\/?currency=US\/feed\/feed\/feed\/feed\/feed\/feed\/feed\/feed\/feed\/feed\/feed\/feed\/feed\/feed\/feed\/feed\/feed\/feed\/feed\/feed\/feed\/feed\/feed\/feed\/feed\/feed\/feed\/feed\/feed\/feed\/feed\/feed\/feed\/feed\/feed\/feed\/feed\/feed\/feed\/feed\/feed\/feed\/feed\/feed\/feed\/feed\/feed\/feed\/feed\/feed\/feed\/feed\/feed\/feed\/feed\/feed\/feed\/\"},{\"@type\":\"ListItem\",\"position\":3,\"name\":\"Especulo Vaginal\"}]},{\"@type\":\"WebSite\",\"@id\":\"http:\/\/valemedic.com\/es_ve\/?currency=USD\/123\/feed\/#website\",\"url\":\"http:\/\/valemedic.com\/es_ve\/?currency=USD\/123\/feed\/\",\"name\":\"valemedic.com\",\"description\":\"Solutions that give life\",\"publisher\":{\"@id\":\"http:\/\/valemedic.com\/es_ve\/?currency=USD\/123\/feed\/#organization\"},\"potentialAction\":[{\"@type\":\"SearchAction\",\"target\":{\"@type\":\"EntryPoint\",\"urlTemplate\":\"http:\/\/valemedic.com\/es_ve\/?currency=USD\/123\/feed\/?s={search_term_string}\"},\"query-input\":{\"@type\":\"PropertyValueSpecification\",\"valueRequired\":true,\"valueName\":\"search_term_string\"}}],\"inLanguage\":\"es\"},{\"@type\":\"Organization\",\"@id\":\"http:\/\/valemedic.com\/es_ve\/?currency=USD\/123\/feed\/#organization\",\"name\":\"Valemedic C.A.\",\"url\":\"http:\/\/valemedic.com\/es_ve\/?currency=USD\/123\/feed\/\",\"logo\":{\"@type\":\"ImageObject\",\"inLanguage\":\"es\",\"@id\":\"http:\/\/valemedic.com\/es_ve\/?currency=USD\/123\/feed\/#\/schema\/logo\/image\/\",\"url\":\"https:\/\/valemedic.com\/wp-content\/uploads\/2023\/04\/LOGO-VALEMEDIC-COLOR-2-TONOSLOGO-1.png\",\"contentUrl\":\"https:\/\/valemedic.com\/wp-content\/uploads\/2023\/04\/LOGO-VALEMEDIC-COLOR-2-TONOSLOGO-1.png\",\"width\":2848,\"height\":1158,\"caption\":\"Valemedic C.A.\"},\"image\":{\"@id\":\"http:\/\/valemedic.com\/es_ve\/?currency=USD\/123\/feed\/#\/schema\/logo\/image\/\"}}]}<\/script>\n<!-- \/ Yoast SEO Premium plugin. -->","yoast_head_json":{"title":"Especulo Vaginal - Valemedic","robots":{"index":"index","follow":"follow","max-snippet":"max-snippet:-1","max-image-preview":"max-image-preview:large","max-video-preview":"max-video-preview:-1"},"canonical":"http:\/\/valemedic.com\/es_ve\/product\/especulo-vaginal\/?currency=USD","og_locale":"es_ES","og_type":"article","og_title":"Especulo Vaginal","og_description":"&nbsp;   Sistema de bloqueo de llave central.  Transparente para mayor visi\u00f3n de diagn\u00f3stico del cuello uterino.  Pl\u00e1stico de grado m\u00e9dico.  Resistente, Est\u00e9ril, Libre de l\u00e1tex, no t\u00f3xico.  Producto exento de IVA    &nbsp;","og_url":"http:\/\/valemedic.com\/es_ve\/product\/especulo-vaginal\/?currency=USD","og_site_name":"Valemedic","article_modified_time":"2024-11-13T20:00:51+00:00","og_image":[{"width":600,"height":700,"url":"http:\/\/valemedic.com\/wp-content\/uploads\/2024\/09\/2-1.png","type":"image\/png"}],"twitter_card":"summary_large_image","twitter_misc":{"Tiempo de lectura":"1 minuto"},"schema":{"@context":"https:\/\/schema.org","@graph":[{"@type":"WebPage","@id":"http:\/\/valemedic.com\/en_us\/product\/especulo-vaginal\/?currency=USD","url":"http:\/\/valemedic.com\/en_us\/product\/especulo-vaginal\/?currency=USD","name":"Especulo Vaginal - Valemedic","isPartOf":{"@id":"http:\/\/valemedic.com\/es_ve\/?currency=USD\/123\/feed\/#website"},"primaryImageOfPage":{"@id":"http:\/\/valemedic.com\/en_us\/product\/especulo-vaginal\/?currency=USD#primaryimage"},"image":{"@id":"http:\/\/valemedic.com\/en_us\/product\/especulo-vaginal\/?currency=USD#primaryimage"},"thumbnailUrl":"https:\/\/valemedic.com\/wp-content\/uploads\/2024\/09\/2-1.png","datePublished":"2024-09-26T20:49:12+00:00","dateModified":"2024-11-13T20:00:51+00:00","breadcrumb":{"@id":"http:\/\/valemedic.com\/en_us\/product\/especulo-vaginal\/?currency=USD#breadcrumb"},"inLanguage":"es","potentialAction":[{"@type":"ReadAction","target":["http:\/\/valemedic.com\/en_us\/product\/especulo-vaginal\/?currency=USD"]}]},{"@type":"ImageObject","inLanguage":"es","@id":"http:\/\/valemedic.com\/en_us\/product\/especulo-vaginal\/?currency=USD#primaryimage","url":"https:\/\/valemedic.com\/wp-content\/uploads\/2024\/09\/2-1.png","contentUrl":"https:\/\/valemedic.com\/wp-content\/uploads\/2024\/09\/2-1.png","width":600,"height":700},{"@type":"BreadcrumbList","@id":"http:\/\/valemedic.com\/en_us\/product\/especulo-vaginal\/?currency=USD#breadcrumb","itemListElement":[{"@type":"ListItem","position":1,"name":"Portada","item":"https:\/\/valemedic.com\/es_ve\/"},{"@type":"ListItem","position":2,"name":"Tienda","item":"http:\/\/valemedic.com\/en_us\/tienda\/?currency=US\/feed\/feed\/feed\/feed\/feed\/feed\/feed\/feed\/feed\/feed\/feed\/feed\/feed\/feed\/feed\/feed\/feed\/feed\/feed\/feed\/feed\/feed\/feed\/feed\/feed\/feed\/feed\/feed\/feed\/feed\/feed\/feed\/feed\/feed\/feed\/feed\/feed\/feed\/feed\/feed\/feed\/feed\/feed\/feed\/feed\/feed\/feed\/feed\/feed\/feed\/feed\/feed\/feed\/feed\/feed\/feed\/feed\/"},{"@type":"ListItem","position":3,"name":"Especulo Vaginal"}]},{"@type":"WebSite","@id":"http:\/\/valemedic.com\/es_ve\/?currency=USD\/123\/feed\/#website","url":"http:\/\/valemedic.com\/es_ve\/?currency=USD\/123\/feed\/","name":"valemedic.com","description":"Solutions that give life","publisher":{"@id":"http:\/\/valemedic.com\/es_ve\/?currency=USD\/123\/feed\/#organization"},"potentialAction":[{"@type":"SearchAction","target":{"@type":"EntryPoint","urlTemplate":"http:\/\/valemedic.com\/es_ve\/?currency=USD\/123\/feed\/?s={search_term_string}"},"query-input":{"@type":"PropertyValueSpecification","valueRequired":true,"valueName":"search_term_string"}}],"inLanguage":"es"},{"@type":"Organization","@id":"http:\/\/valemedic.com\/es_ve\/?currency=USD\/123\/feed\/#organization","name":"Valemedic C.A.","url":"http:\/\/valemedic.com\/es_ve\/?currency=USD\/123\/feed\/","logo":{"@type":"ImageObject","inLanguage":"es","@id":"http:\/\/valemedic.com\/es_ve\/?currency=USD\/123\/feed\/#\/schema\/logo\/image\/","url":"https:\/\/valemedic.com\/wp-content\/uploads\/2023\/04\/LOGO-VALEMEDIC-COLOR-2-TONOSLOGO-1.png","contentUrl":"https:\/\/valemedic.com\/wp-content\/uploads\/2023\/04\/LOGO-VALEMEDIC-COLOR-2-TONOSLOGO-1.png","width":2848,"height":1158,"caption":"Valemedic C.A."},"image":{"@id":"http:\/\/valemedic.com\/es_ve\/?currency=USD\/123\/feed\/#\/schema\/logo\/image\/"}}]}},"_links":{"self":[{"href":"https:\/\/valemedic.com\/es_ve\/wp-json\/wp\/v2\/product\/1672","targetHints":{"allow":["GET"]}}],"collection":[{"href":"https:\/\/valemedic.com\/es_ve\/wp-json\/wp\/v2\/product"}],"about":[{"href":"https:\/\/valemedic.com\/es_ve\/wp-json\/wp\/v2\/types\/product"}],"replies":[{"embeddable":true,"href":"https:\/\/valemedic.com\/es_ve\/wp-json\/wp\/v2\/comments?post=1672"}],"version-history":[{"count":2,"href":"https:\/\/valemedic.com\/es_ve\/wp-json\/wp\/v2\/product\/1672\/revisions"}],"predecessor-version":[{"id":2713,"href":"https:\/\/valemedic.com\/es_ve\/wp-json\/wp\/v2\/product\/1672\/revisions\/2713"}],"wp:featuredmedia":[{"embeddable":true,"href":"https:\/\/valemedic.com\/es_ve\/wp-json\/wp\/v2\/media\/2327"}],"wp:attachment":[{"href":"https:\/\/valemedic.com\/es_ve\/wp-json\/wp\/v2\/media?parent=1672"}],"wp:term":[{"taxonomy":"product_brand","embeddable":true,"href":"https:\/\/valemedic.com\/es_ve\/wp-json\/wp\/v2\/product_brand?post=1672"},{"taxonomy":"product_cat","embeddable":true,"href":"https:\/\/valemedic.com\/es_ve\/wp-json\/wp\/v2\/product_cat?post=1672"},{"taxonomy":"product_tag","embeddable":true,"href":"https:\/\/valemedic.com\/es_ve\/wp-json\/wp\/v2\/product_tag?post=1672"}],"curies":[{"name":"wp","href":"https:\/\/api.w.org\/{rel}","templated":true}]}}