{"id":1082,"date":"2024-03-04T12:09:13","date_gmt":"2024-03-04T12:09:13","guid":{"rendered":"https:\/\/dummy.xtemos.com\/woodmart2\/vegetables-elementor\/?post_type=product&#038;p=332"},"modified":"2025-10-03T15:26:02","modified_gmt":"2025-10-03T15:26:02","slug":"mascarilla-quirurgica-descartable-doble-tira","status":"publish","type":"product","link":"https:\/\/valemedic.com\/en_us\/product\/mascarilla-quirurgica-descartable-doble-tira\/?currency=VES","title":{"rendered":"Disposable double-strip surgical mask"},"content":{"rendered":"","protected":false},"excerpt":{"rendered":"<hr \/>\n<p>&nbsp;<\/p>\n<ul>\n<li>3 layers of protection with antibacterial polypropylene filter.<\/li>\n<li>Hypoallergenic and waterproof.<\/li>\n<li>Splash protection.<\/li>\n<li>Nose bar for a better fit.<\/li>\n<li>Bacterial filtration effectiveness of approximately 95%.<\/li>\n<\/ul>\n<hr \/>\n<p>&nbsp;<\/p>\n<h4>Presentation: 50 (Units. Box)<br \/>\nProduct with VAT included<\/h4>\n<hr \/>\n<p>&nbsp;<\/p>","protected":false},"featured_media":2276,"comment_status":"open","ping_status":"closed","template":"","meta":[],"product_brand":[],"product_cat":[34,128],"product_tag":[157],"class_list":{"0":"post-1082","1":"product","2":"type-product","3":"status-publish","4":"has-post-thumbnail","6":"product_cat-bioseguridad","7":"product_cat-mascarillas-descartables","8":"product_tag-mascarillas","10":"first","11":"outofstock","12":"taxable","13":"shipping-taxable","14":"purchasable","15":"product-type-simple"},"yoast_head":"<!-- This site is optimized with the Yoast SEO Premium plugin v23.4 (Yoast SEO v27.0) - https:\/\/yoast.com\/product\/yoast-seo-premium-wordpress\/ -->\n<title>Mascarilla Quir\u00fargica descartable de doble tira - Valemedic<\/title>\n<meta name=\"robots\" content=\"index, follow, max-snippet:-1, max-image-preview:large, max-video-preview:-1\" \/>\n<link rel=\"canonical\" href=\"http:\/\/valemedic.com\/en_us\/product\/mascarilla-quirurgica-descartable-doble-tira\/?currency=USD123\/feed\/rss2\/feed\/feed\/feed\/feed\/feed\/\" \/>\n<meta property=\"og:locale\" content=\"en_US\" \/>\n<meta property=\"og:type\" content=\"article\" \/>\n<meta property=\"og:title\" content=\"Mascarilla Quir\u00fargica descartable de doble tira\" \/>\n<meta property=\"og:description\" content=\"&nbsp;   3 Capas de Protecci\u00f3n con filtro antibacterial de polipropileno.  Hipoalerg\u00e9nica e impermeable.  Protecci\u00f3n contra salpicaduras.  Barra nasal para un mejor ajuste.  Efectividad de filtraci\u00f3n Bacterial de mas o menos un 95%.     &nbsp; Presentaci\u00f3n: 50 (Unds. Caja) Producto con IVA incluido    &nbsp;\" \/>\n<meta property=\"og:url\" content=\"http:\/\/valemedic.com\/en_us\/product\/mascarilla-quirurgica-descartable-doble-tira\/?currency=USD123\/feed\/rss2\/feed\/feed\/feed\/feed\/feed\/\" \/>\n<meta property=\"og:site_name\" content=\"Valemedic\" \/>\n<meta property=\"article:modified_time\" content=\"2025-10-03T15:26:02+00:00\" \/>\n<meta property=\"og:image\" content=\"http:\/\/valemedic.com\/wp-content\/uploads\/2024\/03\/10.jpg\" \/>\n\t<meta property=\"og:image:width\" content=\"600\" \/>\n\t<meta property=\"og:image:height\" content=\"700\" \/>\n\t<meta property=\"og:image:type\" content=\"image\/jpeg\" \/>\n<meta name=\"twitter:card\" content=\"summary_large_image\" \/>\n<meta name=\"twitter:label1\" content=\"Est. reading time\" \/>\n\t<meta name=\"twitter:data1\" content=\"1 minute\" \/>\n<script type=\"application\/ld+json\" class=\"yoast-schema-graph\">{\"@context\":\"https:\/\/schema.org\",\"@graph\":[{\"@type\":\"WebPage\",\"@id\":\"http:\/\/valemedic.com\/es_ve\/producto\/mascarilla-quirurgica-descartable-doble-tira\/?currency=USD123\/feed\/rss2\/feed\/feed\/feed\/feed\/feed\/\",\"url\":\"http:\/\/valemedic.com\/es_ve\/producto\/mascarilla-quirurgica-descartable-doble-tira\/?currency=USD123\/feed\/rss2\/feed\/feed\/feed\/feed\/feed\/\",\"name\":\"Mascarilla Quir\u00fargica descartable de doble tira - Valemedic\",\"isPartOf\":{\"@id\":\"http:\/\/valemedic.com\/es_ve\/?currency=USD\/123\/feed\/#website\"},\"primaryImageOfPage\":{\"@id\":\"http:\/\/valemedic.com\/es_ve\/producto\/mascarilla-quirurgica-descartable-doble-tira\/?currency=USD123\/feed\/rss2\/feed\/feed\/feed\/feed\/feed\/#primaryimage\"},\"image\":{\"@id\":\"http:\/\/valemedic.com\/es_ve\/producto\/mascarilla-quirurgica-descartable-doble-tira\/?currency=USD123\/feed\/rss2\/feed\/feed\/feed\/feed\/feed\/#primaryimage\"},\"thumbnailUrl\":\"https:\/\/valemedic.com\/wp-content\/uploads\/2024\/03\/10.jpg\",\"datePublished\":\"2024-03-04T12:09:13+00:00\",\"dateModified\":\"2025-10-03T15:26:02+00:00\",\"breadcrumb\":{\"@id\":\"http:\/\/valemedic.com\/es_ve\/producto\/mascarilla-quirurgica-descartable-doble-tira\/?currency=USD123\/feed\/rss2\/feed\/feed\/feed\/feed\/feed\/#breadcrumb\"},\"inLanguage\":\"en-US\",\"potentialAction\":[{\"@type\":\"ReadAction\",\"target\":[\"http:\/\/valemedic.com\/es_ve\/producto\/mascarilla-quirurgica-descartable-doble-tira\/?currency=USD123\/feed\/rss2\/feed\/feed\/feed\/feed\/feed\/\"]}]},{\"@type\":\"ImageObject\",\"inLanguage\":\"en-US\",\"@id\":\"http:\/\/valemedic.com\/es_ve\/producto\/mascarilla-quirurgica-descartable-doble-tira\/?currency=USD123\/feed\/rss2\/feed\/feed\/feed\/feed\/feed\/#primaryimage\",\"url\":\"https:\/\/valemedic.com\/wp-content\/uploads\/2024\/03\/10.jpg\",\"contentUrl\":\"https:\/\/valemedic.com\/wp-content\/uploads\/2024\/03\/10.jpg\",\"width\":600,\"height\":700},{\"@type\":\"BreadcrumbList\",\"@id\":\"http:\/\/valemedic.com\/es_ve\/producto\/mascarilla-quirurgica-descartable-doble-tira\/?currency=USD123\/feed\/rss2\/feed\/feed\/feed\/feed\/feed\/#breadcrumb\",\"itemListElement\":[{\"@type\":\"ListItem\",\"position\":1,\"name\":\"Portada\",\"item\":\"https:\/\/valemedic.com\/es_ve\/\"},{\"@type\":\"ListItem\",\"position\":2,\"name\":\"Tienda\",\"item\":\"http:\/\/valemedic.com\/en_us\/tienda\/?currency=US\/feed\/feed\/feed\/feed\/feed\/feed\/feed\/feed\/feed\/feed\/feed\/feed\/feed\/feed\/feed\/feed\/feed\/feed\/feed\/feed\/feed\/feed\/feed\/feed\/feed\/feed\/feed\/feed\/feed\/feed\/feed\/feed\/feed\/feed\/feed\/feed\/feed\/feed\/feed\/feed\/feed\/feed\/feed\/feed\/feed\/feed\/feed\/feed\/feed\/feed\/feed\/feed\/feed\/feed\/feed\/feed\/feed\/\"},{\"@type\":\"ListItem\",\"position\":3,\"name\":\"Mascarilla Quir\u00fargica descartable de doble tira\"}]},{\"@type\":\"WebSite\",\"@id\":\"http:\/\/valemedic.com\/es_ve\/?currency=USD\/123\/feed\/#website\",\"url\":\"http:\/\/valemedic.com\/es_ve\/?currency=USD\/123\/feed\/\",\"name\":\"valemedic.com\",\"description\":\"Solutions that give life\",\"publisher\":{\"@id\":\"http:\/\/valemedic.com\/es_ve\/?currency=USD\/123\/feed\/#organization\"},\"potentialAction\":[{\"@type\":\"SearchAction\",\"target\":{\"@type\":\"EntryPoint\",\"urlTemplate\":\"http:\/\/valemedic.com\/es_ve\/?currency=USD\/123\/feed\/?s={search_term_string}\"},\"query-input\":{\"@type\":\"PropertyValueSpecification\",\"valueRequired\":true,\"valueName\":\"search_term_string\"}}],\"inLanguage\":\"en-US\"},{\"@type\":\"Organization\",\"@id\":\"http:\/\/valemedic.com\/es_ve\/?currency=USD\/123\/feed\/#organization\",\"name\":\"Valemedic C.A.\",\"url\":\"http:\/\/valemedic.com\/es_ve\/?currency=USD\/123\/feed\/\",\"logo\":{\"@type\":\"ImageObject\",\"inLanguage\":\"en-US\",\"@id\":\"http:\/\/valemedic.com\/es_ve\/?currency=USD\/123\/feed\/#\/schema\/logo\/image\/\",\"url\":\"https:\/\/valemedic.com\/wp-content\/uploads\/2023\/04\/LOGO-VALEMEDIC-COLOR-2-TONOSLOGO-1.png\",\"contentUrl\":\"https:\/\/valemedic.com\/wp-content\/uploads\/2023\/04\/LOGO-VALEMEDIC-COLOR-2-TONOSLOGO-1.png\",\"width\":2848,\"height\":1158,\"caption\":\"Valemedic C.A.\"},\"image\":{\"@id\":\"http:\/\/valemedic.com\/es_ve\/?currency=USD\/123\/feed\/#\/schema\/logo\/image\/\"}}]}<\/script>\n<!-- \/ Yoast SEO Premium plugin. -->","yoast_head_json":{"title":"Mascarilla Quir\u00fargica descartable de doble tira - Valemedic","robots":{"index":"index","follow":"follow","max-snippet":"max-snippet:-1","max-image-preview":"max-image-preview:large","max-video-preview":"max-video-preview:-1"},"canonical":"http:\/\/valemedic.com\/en_us\/product\/mascarilla-quirurgica-descartable-doble-tira\/?currency=USD123\/feed\/rss2\/feed\/feed\/feed\/feed\/feed\/","og_locale":"en_US","og_type":"article","og_title":"Mascarilla Quir\u00fargica descartable de doble tira","og_description":"&nbsp;   3 Capas de Protecci\u00f3n con filtro antibacterial de polipropileno.  Hipoalerg\u00e9nica e impermeable.  Protecci\u00f3n contra salpicaduras.  Barra nasal para un mejor ajuste.  Efectividad de filtraci\u00f3n Bacterial de mas o menos un 95%.     &nbsp; Presentaci\u00f3n: 50 (Unds. Caja) Producto con IVA incluido    &nbsp;","og_url":"http:\/\/valemedic.com\/en_us\/product\/mascarilla-quirurgica-descartable-doble-tira\/?currency=USD123\/feed\/rss2\/feed\/feed\/feed\/feed\/feed\/","og_site_name":"Valemedic","article_modified_time":"2025-10-03T15:26:02+00:00","og_image":[{"width":600,"height":700,"url":"http:\/\/valemedic.com\/wp-content\/uploads\/2024\/03\/10.jpg","type":"image\/jpeg"}],"twitter_card":"summary_large_image","twitter_misc":{"Est. reading time":"1 minute"},"schema":{"@context":"https:\/\/schema.org","@graph":[{"@type":"WebPage","@id":"http:\/\/valemedic.com\/es_ve\/producto\/mascarilla-quirurgica-descartable-doble-tira\/?currency=USD123\/feed\/rss2\/feed\/feed\/feed\/feed\/feed\/","url":"http:\/\/valemedic.com\/es_ve\/producto\/mascarilla-quirurgica-descartable-doble-tira\/?currency=USD123\/feed\/rss2\/feed\/feed\/feed\/feed\/feed\/","name":"Mascarilla Quir\u00fargica descartable de doble tira - Valemedic","isPartOf":{"@id":"http:\/\/valemedic.com\/es_ve\/?currency=USD\/123\/feed\/#website"},"primaryImageOfPage":{"@id":"http:\/\/valemedic.com\/es_ve\/producto\/mascarilla-quirurgica-descartable-doble-tira\/?currency=USD123\/feed\/rss2\/feed\/feed\/feed\/feed\/feed\/#primaryimage"},"image":{"@id":"http:\/\/valemedic.com\/es_ve\/producto\/mascarilla-quirurgica-descartable-doble-tira\/?currency=USD123\/feed\/rss2\/feed\/feed\/feed\/feed\/feed\/#primaryimage"},"thumbnailUrl":"https:\/\/valemedic.com\/wp-content\/uploads\/2024\/03\/10.jpg","datePublished":"2024-03-04T12:09:13+00:00","dateModified":"2025-10-03T15:26:02+00:00","breadcrumb":{"@id":"http:\/\/valemedic.com\/es_ve\/producto\/mascarilla-quirurgica-descartable-doble-tira\/?currency=USD123\/feed\/rss2\/feed\/feed\/feed\/feed\/feed\/#breadcrumb"},"inLanguage":"en-US","potentialAction":[{"@type":"ReadAction","target":["http:\/\/valemedic.com\/es_ve\/producto\/mascarilla-quirurgica-descartable-doble-tira\/?currency=USD123\/feed\/rss2\/feed\/feed\/feed\/feed\/feed\/"]}]},{"@type":"ImageObject","inLanguage":"en-US","@id":"http:\/\/valemedic.com\/es_ve\/producto\/mascarilla-quirurgica-descartable-doble-tira\/?currency=USD123\/feed\/rss2\/feed\/feed\/feed\/feed\/feed\/#primaryimage","url":"https:\/\/valemedic.com\/wp-content\/uploads\/2024\/03\/10.jpg","contentUrl":"https:\/\/valemedic.com\/wp-content\/uploads\/2024\/03\/10.jpg","width":600,"height":700},{"@type":"BreadcrumbList","@id":"http:\/\/valemedic.com\/es_ve\/producto\/mascarilla-quirurgica-descartable-doble-tira\/?currency=USD123\/feed\/rss2\/feed\/feed\/feed\/feed\/feed\/#breadcrumb","itemListElement":[{"@type":"ListItem","position":1,"name":"Portada","item":"https:\/\/valemedic.com\/es_ve\/"},{"@type":"ListItem","position":2,"name":"Tienda","item":"http:\/\/valemedic.com\/en_us\/tienda\/?currency=US\/feed\/feed\/feed\/feed\/feed\/feed\/feed\/feed\/feed\/feed\/feed\/feed\/feed\/feed\/feed\/feed\/feed\/feed\/feed\/feed\/feed\/feed\/feed\/feed\/feed\/feed\/feed\/feed\/feed\/feed\/feed\/feed\/feed\/feed\/feed\/feed\/feed\/feed\/feed\/feed\/feed\/feed\/feed\/feed\/feed\/feed\/feed\/feed\/feed\/feed\/feed\/feed\/feed\/feed\/feed\/feed\/feed\/"},{"@type":"ListItem","position":3,"name":"Mascarilla Quir\u00fargica descartable de doble tira"}]},{"@type":"WebSite","@id":"http:\/\/valemedic.com\/es_ve\/?currency=USD\/123\/feed\/#website","url":"http:\/\/valemedic.com\/es_ve\/?currency=USD\/123\/feed\/","name":"valemedic.com","description":"Solutions that give life","publisher":{"@id":"http:\/\/valemedic.com\/es_ve\/?currency=USD\/123\/feed\/#organization"},"potentialAction":[{"@type":"SearchAction","target":{"@type":"EntryPoint","urlTemplate":"http:\/\/valemedic.com\/es_ve\/?currency=USD\/123\/feed\/?s={search_term_string}"},"query-input":{"@type":"PropertyValueSpecification","valueRequired":true,"valueName":"search_term_string"}}],"inLanguage":"en-US"},{"@type":"Organization","@id":"http:\/\/valemedic.com\/es_ve\/?currency=USD\/123\/feed\/#organization","name":"Valemedic CA.","url":"http:\/\/valemedic.com\/es_ve\/?currency=USD\/123\/feed\/","logo":{"@type":"ImageObject","inLanguage":"en-US","@id":"http:\/\/valemedic.com\/es_ve\/?currency=USD\/123\/feed\/#\/schema\/logo\/image\/","url":"https:\/\/valemedic.com\/wp-content\/uploads\/2023\/04\/LOGO-VALEMEDIC-COLOR-2-TONOSLOGO-1.png","contentUrl":"https:\/\/valemedic.com\/wp-content\/uploads\/2023\/04\/LOGO-VALEMEDIC-COLOR-2-TONOSLOGO-1.png","width":2848,"height":1158,"caption":"Valemedic C.A."},"image":{"@id":"http:\/\/valemedic.com\/es_ve\/?currency=USD\/123\/feed\/#\/schema\/logo\/image\/"}}]}},"_links":{"self":[{"href":"https:\/\/valemedic.com\/en_us\/wp-json\/wp\/v2\/product\/1082","targetHints":{"allow":["GET"]}}],"collection":[{"href":"https:\/\/valemedic.com\/en_us\/wp-json\/wp\/v2\/product"}],"about":[{"href":"https:\/\/valemedic.com\/en_us\/wp-json\/wp\/v2\/types\/product"}],"replies":[{"embeddable":true,"href":"https:\/\/valemedic.com\/en_us\/wp-json\/wp\/v2\/comments?post=1082"}],"version-history":[{"count":5,"href":"https:\/\/valemedic.com\/en_us\/wp-json\/wp\/v2\/product\/1082\/revisions"}],"predecessor-version":[{"id":2788,"href":"https:\/\/valemedic.com\/en_us\/wp-json\/wp\/v2\/product\/1082\/revisions\/2788"}],"wp:featuredmedia":[{"embeddable":true,"href":"https:\/\/valemedic.com\/en_us\/wp-json\/wp\/v2\/media\/2276"}],"wp:attachment":[{"href":"https:\/\/valemedic.com\/en_us\/wp-json\/wp\/v2\/media?parent=1082"}],"wp:term":[{"taxonomy":"product_brand","embeddable":true,"href":"https:\/\/valemedic.com\/en_us\/wp-json\/wp\/v2\/product_brand?post=1082"},{"taxonomy":"product_cat","embeddable":true,"href":"https:\/\/valemedic.com\/en_us\/wp-json\/wp\/v2\/product_cat?post=1082"},{"taxonomy":"product_tag","embeddable":true,"href":"https:\/\/valemedic.com\/en_us\/wp-json\/wp\/v2\/product_tag?post=1082"}],"curies":[{"name":"wp","href":"https:\/\/api.w.org\/{rel}","templated":true}]}}