{"id":1095,"date":"2024-03-01T12:54:29","date_gmt":"2024-03-01T12:54:29","guid":{"rendered":"https:\/\/dummy.xtemos.com\/woodmart2\/vegetables-elementor\/?page_id=27"},"modified":"2024-12-03T20:50:51","modified_gmt":"2024-12-03T20:50:51","slug":"tiendas-disponibles","status":"publish","type":"page","link":"https:\/\/valemedic.com\/en_us\/tiendas-disponibles?currency=VES","title":{"rendered":"Available Stores"},"content":{"rendered":"\t\t<div data-elementor-type=\"wp-page\" data-elementor-id=\"1095\" class=\"elementor elementor-1095\" data-elementor-post-type=\"page\">\n\t\t\t\t<div class=\"wd-negative-gap elementor-element elementor-element-b993c24 e-flex e-con-boxed e-con e-parent\" data-id=\"b993c24\" data-element_type=\"container\" data-e-type=\"container\">\n\t\t\t\t\t<div class=\"e-con-inner\">\n\t\t<div class=\"elementor-element elementor-element-90cef06 e-con-full e-flex e-con e-child\" data-id=\"90cef06\" data-element_type=\"container\" data-e-type=\"container\" data-settings=\"{&quot;background_background&quot;:&quot;classic&quot;}\">\n\t\t<div class=\"elementor-element elementor-element-e1d103e e-con-full e-flex e-con e-child\" data-id=\"e1d103e\" data-element_type=\"container\" data-e-type=\"container\" data-settings=\"{&quot;background_background&quot;:&quot;classic&quot;}\">\n\t\t\t\t<\/div>\n\t\t<div class=\"elementor-element elementor-element-97a7cb4 e-con-full e-flex e-con e-child\" data-id=\"97a7cb4\" data-element_type=\"container\" data-e-type=\"container\">\n\t\t<div class=\"wd-negative-gap elementor-element elementor-element-6267dea e-flex e-con-boxed e-con e-child\" data-id=\"6267dea\" data-element_type=\"container\" data-e-type=\"container\">\n\t\t\t\t\t<div class=\"e-con-inner\">\n\t\t\t\t<div class=\"elementor-element elementor-element-90a73ec elementor-widget elementor-widget-wd_infobox\" data-id=\"90a73ec\" data-element_type=\"widget\" data-e-type=\"widget\" data-widget_type=\"wd_infobox.default\">\n\t\t\t\t<div class=\"elementor-widget-container\">\n\t\t\t\t\t\t\t<div class=\"info-box-wrapper\">\n\t\t\t<div class=\"wd-info-box text-left box-icon-align-left box-style-base color-scheme- wd-items-middle\">\n\t\t\t\t\t\t\t\t\t<div class=\"box-icon-wrapper  box-with-icon box-icon-simple\">\n\t\t\t\t\t\t<div class=\"info-box-icon\">\n\t\t\t\t\t\t\t\t\t\t\t\t\t\t\t<div class=\"info-svg-wrapper\" style=\"width:9px; height:9px;\"><img loading=\"lazy\" decoding=\"async\"  src=\"https:\/\/valemedic.com\/wp-content\/uploads\/2024\/03\/checked.svg\" title=\"checked\" loading=\"lazy\" width=\"9\" height=\"9\"><\/div>\t\t\t\t\t\t\t\t\t\t\t\t\t<\/div>\n\t\t\t\t\t<\/div>\n\t\t\t\t\n\t\t\t\t<div class=\"info-box-content\">\n\t\t\t\t\t\n\t\t\t\t\t\t\t\t\t\t\t<h4\t\t\t\t\t\tclass=\"info-box-title title box-title-style-default wd-fontsize-m\" data-elementor-setting-key=\"title\">\n\t\t\t\t\t\t\t\tDelivery\t\t\t\t\t\t<\/h4>\n\t\t\t\t\t\n\t\t\t\t\t<div class=\"info-box-inner reset-last-child\"data-elementor-setting-key=\"content\"><\/div>\n\n\t\t\t\t\t\t\t\t\t<\/div>\n\n\t\t\t\t\t\t\t<\/div>\n\t\t<\/div>\n\t\t\t\t\t\t<\/div>\n\t\t\t\t<\/div>\n\t\t\t\t<div class=\"elementor-element elementor-element-1c174dd elementor-widget elementor-widget-wd_infobox\" data-id=\"1c174dd\" data-element_type=\"widget\" data-e-type=\"widget\" data-widget_type=\"wd_infobox.default\">\n\t\t\t\t<div class=\"elementor-widget-container\">\n\t\t\t\t\t\t\t<div class=\"info-box-wrapper\">\n\t\t\t<div class=\"wd-info-box text-left box-icon-align-left box-style-base color-scheme- wd-items-middle\">\n\t\t\t\t\t\t\t\t\t<div class=\"box-icon-wrapper  box-with-icon box-icon-simple\">\n\t\t\t\t\t\t<div class=\"info-box-icon\">\n\t\t\t\t\t\t\t\t\t\t\t\t\t\t\t<div class=\"info-svg-wrapper\" style=\"width:9px; height:9px;\"><img loading=\"lazy\" decoding=\"async\"  src=\"https:\/\/valemedic.com\/wp-content\/uploads\/2024\/03\/checked.svg\" title=\"checked\" loading=\"lazy\" width=\"9\" height=\"9\"><\/div>\t\t\t\t\t\t\t\t\t\t\t\t\t<\/div>\n\t\t\t\t\t<\/div>\n\t\t\t\t\n\t\t\t\t<div class=\"info-box-content\">\n\t\t\t\t\t\n\t\t\t\t\t\t\t\t\t\t\t<h4\t\t\t\t\t\tclass=\"info-box-title title box-title-style-default wd-fontsize-m\" data-elementor-setting-key=\"title\">\n\t\t\t\t\t\t\t\tPago M\u00f3vil\t\t\t\t\t\t<\/h4>\n\t\t\t\t\t\n\t\t\t\t\t<div class=\"info-box-inner reset-last-child\"data-elementor-setting-key=\"content\"><\/div>\n\n\t\t\t\t\t\t\t\t\t<\/div>\n\n\t\t\t\t\t\t\t<\/div>\n\t\t<\/div>\n\t\t\t\t\t\t<\/div>\n\t\t\t\t<\/div>\n\t\t\t\t<div class=\"elementor-element elementor-element-69e24bc elementor-widget elementor-widget-wd_infobox\" data-id=\"69e24bc\" data-element_type=\"widget\" data-e-type=\"widget\" data-widget_type=\"wd_infobox.default\">\n\t\t\t\t<div class=\"elementor-widget-container\">\n\t\t\t\t\t\t\t<div class=\"info-box-wrapper\">\n\t\t\t<div class=\"wd-info-box text-left box-icon-align-left box-style-base color-scheme- wd-items-middle\">\n\t\t\t\t\t\t\t\t\t<div class=\"box-icon-wrapper  box-with-icon box-icon-simple\">\n\t\t\t\t\t\t<div class=\"info-box-icon\">\n\t\t\t\t\t\t\t\t\t\t\t\t\t\t\t<div class=\"info-svg-wrapper\" style=\"width:9px; height:9px;\"><img loading=\"lazy\" decoding=\"async\"  src=\"https:\/\/valemedic.com\/wp-content\/uploads\/2024\/03\/checked.svg\" title=\"checked\" loading=\"lazy\" width=\"9\" height=\"9\"><\/div>\t\t\t\t\t\t\t\t\t\t\t\t\t<\/div>\n\t\t\t\t\t<\/div>\n\t\t\t\t\n\t\t\t\t<div class=\"info-box-content\">\n\t\t\t\t\t\n\t\t\t\t\t\t\t\t\t\t\t<h4\t\t\t\t\t\tclass=\"info-box-title title box-title-style-default wd-fontsize-m\" data-elementor-setting-key=\"title\">\n\t\t\t\t\t\t\t\tTarjetas de D\u00e9bito\t\t\t\t\t\t<\/h4>\n\t\t\t\t\t\n\t\t\t\t\t<div class=\"info-box-inner reset-last-child\"data-elementor-setting-key=\"content\"><\/div>\n\n\t\t\t\t\t\t\t\t\t<\/div>\n\n\t\t\t\t\t\t\t<\/div>\n\t\t<\/div>\n\t\t\t\t\t\t<\/div>\n\t\t\t\t<\/div>\n\t\t\t\t<div class=\"elementor-element elementor-element-7692220 elementor-widget elementor-widget-wd_infobox\" data-id=\"7692220\" data-element_type=\"widget\" data-e-type=\"widget\" data-widget_type=\"wd_infobox.default\">\n\t\t\t\t<div class=\"elementor-widget-container\">\n\t\t\t\t\t\t\t<div class=\"info-box-wrapper\">\n\t\t\t<div class=\"wd-info-box text-left box-icon-align-left box-style-base color-scheme- wd-items-middle\">\n\t\t\t\t\t\t\t\t\t<div class=\"box-icon-wrapper  box-with-icon box-icon-simple\">\n\t\t\t\t\t\t<div class=\"info-box-icon\">\n\t\t\t\t\t\t\t\t\t\t\t\t\t\t\t<div class=\"info-svg-wrapper\" style=\"width:9px; height:9px;\"><img loading=\"lazy\" decoding=\"async\"  src=\"https:\/\/valemedic.com\/wp-content\/uploads\/2024\/03\/checked.svg\" title=\"checked\" loading=\"lazy\" width=\"9\" height=\"9\"><\/div>\t\t\t\t\t\t\t\t\t\t\t\t\t<\/div>\n\t\t\t\t\t<\/div>\n\t\t\t\t\n\t\t\t\t<div class=\"info-box-content\">\n\t\t\t\t\t\n\t\t\t\t\t\t\t\t\t\t\t<h4\t\t\t\t\t\tclass=\"info-box-title title box-title-style-default wd-fontsize-m\" data-elementor-setting-key=\"title\">\n\t\t\t\t\t\t\t\tefectivo\t\t\t\t\t\t<\/h4>\n\t\t\t\t\t\n\t\t\t\t\t<div class=\"info-box-inner reset-last-child\"data-elementor-setting-key=\"content\"><\/div>\n\n\t\t\t\t\t\t\t\t\t<\/div>\n\n\t\t\t\t\t\t\t<\/div>\n\t\t<\/div>\n\t\t\t\t\t\t<\/div>\n\t\t\t\t<\/div>\n\t\t\t\t\t<\/div>\n\t\t\t\t<\/div>\n\t\t\t\t<div class=\"elementor-element elementor-element-0db1182 elementor-widget elementor-widget-wd_infobox\" data-id=\"0db1182\" data-element_type=\"widget\" data-e-type=\"widget\" data-widget_type=\"wd_infobox.default\">\n\t\t\t\t<div class=\"elementor-widget-container\">\n\t\t\t\t\t\t\t<div class=\"info-box-wrapper\">\n\t\t\t<div class=\"wd-info-box text-left box-icon-align-left box-style-base color-scheme- wd-items-top\">\n\t\t\t\t\t\t\t\t\t<div class=\"box-icon-wrapper  box-with-icon box-icon-simple\">\n\t\t\t\t\t\t<div class=\"info-box-icon\">\n\t\t\t\t\t\t\t\t\t\t\t\t\t\t\t<div class=\"info-svg-wrapper\" style=\"width:16px; height:16px;\"><img loading=\"lazy\" decoding=\"async\"  src=\"https:\/\/valemedic.com\/wp-content\/uploads\/2024\/03\/vegetables-map-marker-1.svg\" title=\"vegetables-map-marker\" loading=\"lazy\" width=\"16\" height=\"16\"><\/div>\t\t\t\t\t\t\t\t\t\t\t\t\t<\/div>\n\t\t\t\t\t<\/div>\n\t\t\t\t\n\t\t\t\t<div class=\"info-box-content\">\n\t\t\t\t\t\n\t\t\t\t\t\t\t\t\t\t\t<h4\t\t\t\t\t\tclass=\"info-box-title title box-title-style-default wd-fontsize-m\" data-elementor-setting-key=\"title\">\n\t\t\t\t\t\t\t\tHorario de atenci\u00f3n<br \/>\n\t\t\t\t\t\t<\/h4>\n\t\t\t\t\t\n\t\t\t\t\t<div class=\"info-box-inner reset-last-child\"data-elementor-setting-key=\"content\"><p>Calle 40 entre carrera 25 y Av. Venezuela, local galp\u00f3n N\u00b0 25-37, <strong>Barquisimeto, Estado Lara<\/strong><\/p>\n<\/div>\n\n\t\t\t\t\t\t\t\t\t<\/div>\n\n\t\t\t\t\t\t\t<\/div>\n\t\t<\/div>\n\t\t\t\t\t\t<\/div>\n\t\t\t\t<\/div>\n\t\t\t\t<div class=\"elementor-element elementor-element-4b6f686 elementor-widget elementor-widget-wd_infobox\" data-id=\"4b6f686\" data-element_type=\"widget\" data-e-type=\"widget\" data-widget_type=\"wd_infobox.default\">\n\t\t\t\t<div class=\"elementor-widget-container\">\n\t\t\t\t\t\t\t<div class=\"info-box-wrapper\">\n\t\t\t<div class=\"wd-info-box text-left box-icon-align-left box-style-base color-scheme- wd-items-top\">\n\t\t\t\t\t\t\t\t\t<div class=\"box-icon-wrapper  box-with-icon box-icon-simple\">\n\t\t\t\t\t\t<div class=\"info-box-icon\">\n\t\t\t\t\t\t\t\t\t\t\t\t\t\t\t<div class=\"info-svg-wrapper\" style=\"width:16px; height:16px;\"><img loading=\"lazy\" decoding=\"async\"  src=\"https:\/\/valemedic.com\/wp-content\/uploads\/2024\/03\/Frame-303.svg\" title=\"Frame 303\" loading=\"lazy\" width=\"16\" height=\"16\"><\/div>\t\t\t\t\t\t\t\t\t\t\t\t\t<\/div>\n\t\t\t\t\t<\/div>\n\t\t\t\t\n\t\t\t\t<div class=\"info-box-content\">\n\t\t\t\t\t\n\t\t\t\t\t\t\t\t\t\t\t<h4\t\t\t\t\t\tclass=\"info-box-title title box-title-style-default wd-fontsize-m\" data-elementor-setting-key=\"title\">\n\t\t\t\t\t\t\t\tHorario de atenci\u00f3n<br \/>\n\t\t\t\t\t\t<\/h4>\n\t\t\t\t\t\n\t\t\t\t\t<div class=\"info-box-inner reset-last-child\"data-elementor-setting-key=\"content\"><p>08:00 AM \u2013 05:00 PM<\/p>\n<\/div>\n\n\t\t\t\t\t\t\t\t\t<\/div>\n\n\t\t\t\t\t\t\t<\/div>\n\t\t<\/div>\n\t\t\t\t\t\t<\/div>\n\t\t\t\t<\/div>\n\t\t\t\t<\/div>\n\t\t\t\t<\/div>\n\t\t<div class=\"elementor-element elementor-element-83368a3 e-con-full e-flex e-con e-child\" data-id=\"83368a3\" data-element_type=\"container\" data-e-type=\"container\" data-settings=\"{&quot;background_background&quot;:&quot;classic&quot;}\">\n\t\t\t\t<div class=\"elementor-element elementor-element-4db4fad wd-width-100 elementor-widget elementor-widget-wd_open_street_map\" data-id=\"4db4fad\" data-element_type=\"widget\" data-e-type=\"widget\" data-widget_type=\"wd_open_street_map.default\">\n\t\t\t\t<div class=\"elementor-widget-container\">\n\t\t\t\t\t\t\t<div class=\"wd-osm-map-container wd-map-container\">\n\t\t\t<div id=\"wd-osm-map-4db4fad\" class=\"wd-osm-map-wrapper wd-map-wrapper\" data-settings=\"{&quot;zoom&quot;:16,&quot;iconUrl&quot;:&quot;https:\\\/\\\/valemedic.com\\\/wp-content\\\/themes\\\/woodmart\\\/images\\\/icons\\\/marker-icon.png&quot;,&quot;zoomControl&quot;:&quot;yes&quot;,&quot;dragging&quot;:&quot;yes&quot;,&quot;geoapify_tile&quot;:&quot;osm-carto&quot;,&quot;markers&quot;:[{&quot;marker&quot;:{&quot;_id&quot;:&quot;7495f60&quot;,&quot;marker_title&quot;:&quot;Lara&quot;,&quot;marker_coords&quot;:&quot;10.071271045874067, -69.33121967261647&quot;,&quot;marker_description&quot;:&quot;&quot;,&quot;marker_behavior&quot;:&quot;popup&quot;,&quot;show_button&quot;:&quot;no&quot;,&quot;button_text&quot;:null,&quot;button_url&quot;:null,&quot;button_url_target&quot;:null,&quot;image&quot;:{&quot;url&quot;:&quot;&quot;,&quot;id&quot;:&quot;&quot;,&quot;size&quot;:&quot;&quot;},&quot;image_size&quot;:[],&quot;image_custom_dimension&quot;:null},&quot;lat&quot;:&quot;10.071271045874067&quot;,&quot;lng&quot;:&quot; -69.33121967261647&quot;}],&quot;center&quot;:&quot;10.071271045874,-69.331219672616&quot;,&quot;init_type&quot;:&quot;page_load&quot;}\"><\/div>\n\n\t\t\t\n\t\t\t\n\t\t\t\t\t<\/div>\n\t\t\t\t\t\t<\/div>\n\t\t\t\t<\/div>\n\t\t\t\t<\/div>\n\t\t\t\t\t<\/div>\n\t\t\t\t<\/div>\n\t\t\t\t<\/div>\n\t\t","protected":false},"excerpt":{"rendered":"<p>Delivery Mobile Payment Debit Cards Cash Business Hours Calle 40 between Carrera 25 and Av. Venezuela, warehouse location<\/p>","protected":false},"author":1,"featured_media":0,"parent":0,"menu_order":1,"comment_status":"closed","ping_status":"closed","template":"","meta":{"footnotes":""},"class_list":["post-1095","page","type-page","status-publish","hentry"],"yoast_head":"<!-- This site is optimized with the Yoast SEO Premium plugin v23.4 (Yoast SEO v27.0) - https:\/\/yoast.com\/product\/yoast-seo-premium-wordpress\/ -->\n<title>Tiendas Disponibles - Valemedic<\/title>\n<meta name=\"robots\" content=\"index, follow, max-snippet:-1, max-image-preview:large, max-video-preview:-1\" \/>\n<link rel=\"canonical\" href=\"https:\/\/valemedic.com\/en_us\/tiendas-disponibles\/?currency=VES\" \/>\n<meta property=\"og:locale\" content=\"en_US\" \/>\n<meta property=\"og:type\" content=\"article\" \/>\n<meta property=\"og:title\" content=\"Tiendas Disponibles\" \/>\n<meta property=\"og:description\" content=\"Delivery Pago M\u00f3vil Tarjetas de D\u00e9bito efectivo Horario de atenci\u00f3n Calle 40 entre carrera 25 y Av. Venezuela, local galp\u00f3n\" \/>\n<meta property=\"og:url\" content=\"https:\/\/valemedic.com\/en_us\/tiendas-disponibles\/?currency=VES\" \/>\n<meta property=\"og:site_name\" content=\"Valemedic\" \/>\n<meta property=\"article:modified_time\" content=\"2024-12-03T20:50:51+00:00\" \/>\n<meta property=\"og:image\" content=\"http:\/\/valemedic.com\/wp-content\/uploads\/2024\/03\/checked.svg\" \/>\n<meta name=\"twitter:card\" content=\"summary_large_image\" \/>\n<meta name=\"twitter:label1\" content=\"Est. reading time\" \/>\n\t<meta name=\"twitter:data1\" content=\"6 minutes\" \/>\n<script type=\"application\/ld+json\" class=\"yoast-schema-graph\">{\"@context\":\"https:\/\/schema.org\",\"@graph\":[{\"@type\":\"WebPage\",\"@id\":\"https:\/\/valemedic.com\/es_ve\/tiendas-disponibles\/?currency=VES\",\"url\":\"https:\/\/valemedic.com\/es_ve\/tiendas-disponibles\/?currency=VES\",\"name\":\"Tiendas Disponibles - Valemedic\",\"isPartOf\":{\"@id\":\"http:\/\/valemedic.com\/es_ve\/?currency=USD\/123\/feed\/#website\"},\"primaryImageOfPage\":{\"@id\":\"https:\/\/valemedic.com\/es_ve\/tiendas-disponibles\/?currency=VES#primaryimage\"},\"image\":{\"@id\":\"https:\/\/valemedic.com\/es_ve\/tiendas-disponibles\/?currency=VES#primaryimage\"},\"thumbnailUrl\":\"http:\/\/valemedic.com\/wp-content\/uploads\/2024\/03\/checked.svg\",\"datePublished\":\"2024-03-01T12:54:29+00:00\",\"dateModified\":\"2024-12-03T20:50:51+00:00\",\"breadcrumb\":{\"@id\":\"https:\/\/valemedic.com\/es_ve\/tiendas-disponibles\/?currency=VES#breadcrumb\"},\"inLanguage\":\"en-US\",\"potentialAction\":[{\"@type\":\"ReadAction\",\"target\":[\"https:\/\/valemedic.com\/es_ve\/tiendas-disponibles\/?currency=VES\"]}]},{\"@type\":\"ImageObject\",\"inLanguage\":\"en-US\",\"@id\":\"https:\/\/valemedic.com\/es_ve\/tiendas-disponibles\/?currency=VES#primaryimage\",\"url\":\"http:\/\/valemedic.com\/wp-content\/uploads\/2024\/03\/checked.svg\",\"contentUrl\":\"http:\/\/valemedic.com\/wp-content\/uploads\/2024\/03\/checked.svg\"},{\"@type\":\"BreadcrumbList\",\"@id\":\"https:\/\/valemedic.com\/es_ve\/tiendas-disponibles\/?currency=VES#breadcrumb\",\"itemListElement\":[{\"@type\":\"ListItem\",\"position\":1,\"name\":\"Portada\",\"item\":\"https:\/\/valemedic.com\/es_ve\/\"},{\"@type\":\"ListItem\",\"position\":2,\"name\":\"Tiendas Disponibles\"}]},{\"@type\":\"WebSite\",\"@id\":\"http:\/\/valemedic.com\/es_ve\/?currency=USD\/123\/feed\/#website\",\"url\":\"http:\/\/valemedic.com\/es_ve\/?currency=USD\/123\/feed\/\",\"name\":\"valemedic.com\",\"description\":\"Solutions that give life\",\"publisher\":{\"@id\":\"http:\/\/valemedic.com\/es_ve\/?currency=USD\/123\/feed\/#organization\"},\"potentialAction\":[{\"@type\":\"SearchAction\",\"target\":{\"@type\":\"EntryPoint\",\"urlTemplate\":\"http:\/\/valemedic.com\/es_ve\/?currency=USD\/123\/feed\/?s={search_term_string}\"},\"query-input\":{\"@type\":\"PropertyValueSpecification\",\"valueRequired\":true,\"valueName\":\"search_term_string\"}}],\"inLanguage\":\"en-US\"},{\"@type\":\"Organization\",\"@id\":\"http:\/\/valemedic.com\/es_ve\/?currency=USD\/123\/feed\/#organization\",\"name\":\"Valemedic C.A.\",\"url\":\"http:\/\/valemedic.com\/es_ve\/?currency=USD\/123\/feed\/\",\"logo\":{\"@type\":\"ImageObject\",\"inLanguage\":\"en-US\",\"@id\":\"http:\/\/valemedic.com\/es_ve\/?currency=USD\/123\/feed\/#\/schema\/logo\/image\/\",\"url\":\"https:\/\/valemedic.com\/wp-content\/uploads\/2023\/04\/LOGO-VALEMEDIC-COLOR-2-TONOSLOGO-1.png\",\"contentUrl\":\"https:\/\/valemedic.com\/wp-content\/uploads\/2023\/04\/LOGO-VALEMEDIC-COLOR-2-TONOSLOGO-1.png\",\"width\":2848,\"height\":1158,\"caption\":\"Valemedic C.A.\"},\"image\":{\"@id\":\"http:\/\/valemedic.com\/es_ve\/?currency=USD\/123\/feed\/#\/schema\/logo\/image\/\"}}]}<\/script>\n<!-- \/ Yoast SEO Premium plugin. -->","yoast_head_json":{"title":"Available Stores - Valemedic","robots":{"index":"index","follow":"follow","max-snippet":"max-snippet:-1","max-image-preview":"max-image-preview:large","max-video-preview":"max-video-preview:-1"},"canonical":"https:\/\/valemedic.com\/en_us\/tiendas-disponibles\/?currency=VES","og_locale":"en_US","og_type":"article","og_title":"Tiendas Disponibles","og_description":"Delivery Pago M\u00f3vil Tarjetas de D\u00e9bito efectivo Horario de atenci\u00f3n Calle 40 entre carrera 25 y Av. Venezuela, local galp\u00f3n","og_url":"https:\/\/valemedic.com\/en_us\/tiendas-disponibles\/?currency=VES","og_site_name":"Valemedic","article_modified_time":"2024-12-03T20:50:51+00:00","og_image":[{"url":"http:\/\/valemedic.com\/wp-content\/uploads\/2024\/03\/checked.svg","type":"","width":"","height":""}],"twitter_card":"summary_large_image","twitter_misc":{"Est. reading time":"6 minutes"},"schema":{"@context":"https:\/\/schema.org","@graph":[{"@type":"WebPage","@id":"https:\/\/valemedic.com\/es_ve\/tiendas-disponibles\/?currency=VES","url":"https:\/\/valemedic.com\/es_ve\/tiendas-disponibles\/?currency=VES","name":"Available Stores - Valemedic","isPartOf":{"@id":"http:\/\/valemedic.com\/es_ve\/?currency=USD\/123\/feed\/#website"},"primaryImageOfPage":{"@id":"https:\/\/valemedic.com\/es_ve\/tiendas-disponibles\/?currency=VES#primaryimage"},"image":{"@id":"https:\/\/valemedic.com\/es_ve\/tiendas-disponibles\/?currency=VES#primaryimage"},"thumbnailUrl":"http:\/\/valemedic.com\/wp-content\/uploads\/2024\/03\/checked.svg","datePublished":"2024-03-01T12:54:29+00:00","dateModified":"2024-12-03T20:50:51+00:00","breadcrumb":{"@id":"https:\/\/valemedic.com\/es_ve\/tiendas-disponibles\/?currency=VES#breadcrumb"},"inLanguage":"en-US","potentialAction":[{"@type":"ReadAction","target":["https:\/\/valemedic.com\/es_ve\/tiendas-disponibles\/?currency=VES"]}]},{"@type":"ImageObject","inLanguage":"en-US","@id":"https:\/\/valemedic.com\/es_ve\/tiendas-disponibles\/?currency=VES#primaryimage","url":"http:\/\/valemedic.com\/wp-content\/uploads\/2024\/03\/checked.svg","contentUrl":"http:\/\/valemedic.com\/wp-content\/uploads\/2024\/03\/checked.svg"},{"@type":"BreadcrumbList","@id":"https:\/\/valemedic.com\/es_ve\/tiendas-disponibles\/?currency=VES#breadcrumb","itemListElement":[{"@type":"ListItem","position":1,"name":"Portada","item":"https:\/\/valemedic.com\/es_ve\/"},{"@type":"ListItem","position":2,"name":"Tiendas Disponibles"}]},{"@type":"WebSite","@id":"http:\/\/valemedic.com\/es_ve\/?currency=USD\/123\/feed\/#website","url":"http:\/\/valemedic.com\/es_ve\/?currency=USD\/123\/feed\/","name":"valemedic.com","description":"Solutions that give life","publisher":{"@id":"http:\/\/valemedic.com\/es_ve\/?currency=USD\/123\/feed\/#organization"},"potentialAction":[{"@type":"SearchAction","target":{"@type":"EntryPoint","urlTemplate":"http:\/\/valemedic.com\/es_ve\/?currency=USD\/123\/feed\/?s={search_term_string}"},"query-input":{"@type":"PropertyValueSpecification","valueRequired":true,"valueName":"search_term_string"}}],"inLanguage":"en-US"},{"@type":"Organization","@id":"http:\/\/valemedic.com\/es_ve\/?currency=USD\/123\/feed\/#organization","name":"Valemedic CA.","url":"http:\/\/valemedic.com\/es_ve\/?currency=USD\/123\/feed\/","logo":{"@type":"ImageObject","inLanguage":"en-US","@id":"http:\/\/valemedic.com\/es_ve\/?currency=USD\/123\/feed\/#\/schema\/logo\/image\/","url":"https:\/\/valemedic.com\/wp-content\/uploads\/2023\/04\/LOGO-VALEMEDIC-COLOR-2-TONOSLOGO-1.png","contentUrl":"https:\/\/valemedic.com\/wp-content\/uploads\/2023\/04\/LOGO-VALEMEDIC-COLOR-2-TONOSLOGO-1.png","width":2848,"height":1158,"caption":"Valemedic C.A."},"image":{"@id":"http:\/\/valemedic.com\/es_ve\/?currency=USD\/123\/feed\/#\/schema\/logo\/image\/"}}]}},"_links":{"self":[{"href":"https:\/\/valemedic.com\/en_us\/wp-json\/wp\/v2\/pages\/1095","targetHints":{"allow":["GET"]}}],"collection":[{"href":"https:\/\/valemedic.com\/en_us\/wp-json\/wp\/v2\/pages"}],"about":[{"href":"https:\/\/valemedic.com\/en_us\/wp-json\/wp\/v2\/types\/page"}],"author":[{"embeddable":true,"href":"https:\/\/valemedic.com\/en_us\/wp-json\/wp\/v2\/users\/1"}],"replies":[{"embeddable":true,"href":"https:\/\/valemedic.com\/en_us\/wp-json\/wp\/v2\/comments?post=1095"}],"version-history":[{"count":5,"href":"https:\/\/valemedic.com\/en_us\/wp-json\/wp\/v2\/pages\/1095\/revisions"}],"predecessor-version":[{"id":3470,"href":"https:\/\/valemedic.com\/en_us\/wp-json\/wp\/v2\/pages\/1095\/revisions\/3470"}],"wp:attachment":[{"href":"https:\/\/valemedic.com\/en_us\/wp-json\/wp\/v2\/media?parent=1095"}],"curies":[{"name":"wp","href":"https:\/\/api.w.org\/{rel}","templated":true}]}}